{"id":789,"date":"2022-12-07T12:53:10","date_gmt":"2022-12-07T12:53:10","guid":{"rendered":"https:\/\/charterciutadella.com\/location-charter-ciutadella-de-menorca\/"},"modified":"2023-02-14T11:32:07","modified_gmt":"2023-02-14T11:32:07","slug":"location-charter-ciutadella-de-menorca","status":"publish","type":"page","link":"https:\/\/charterciutadella.com\/fr\/","title":{"rendered":"Location charter Ciutadella de Menorca"},"content":{"rendered":"\n<div class=\"is-layout-flex wp-container-3 wp-block-columns alignwide\">\n<div class=\"is-layout-flow wp-block-column\">\n<h1 class=\"has-text-align-left\" style=\"font-size:40px\">Location avec skipper. 20 ans d&rsquo;exp\u00e9rience.<\/h1>\n<\/div>\n\n\n\n<div class=\"is-layout-flow wp-block-column\">\n<p class=\"has-large-font-size\">Chesapeake Cruises a <strong>plus de 20 ans d&rsquo;exp\u00e9rience dans<\/strong> la navigation sur les eaux de Minorque, sous la supervision de notre <strong>skipper Colau<\/strong>, qui sera votre <strong>guide et conseiller exp\u00e9riment\u00e9<\/strong>, pour vous aider \u00e0 <strong>choisir vos itin\u00e9raires, en fonction des activit\u00e9s<\/strong>, des pr\u00e9f\u00e9rences et des conditions de mer.  <\/p>\n<\/div>\n<\/div>\n\n\n\n<div class=\"is-layout-flex wp-container-7 wp-block-columns alignfull has-background\" style=\"background-color:#6699d6\">\n<div class=\"is-layout-flow wp-block-column has-background\" style=\"background-color:#6699d6\">\n<div class=\"wp-block-cover is-light\"><span aria-hidden=\"true\" class=\"wp-block-cover__background has-background-dim-100 has-background-dim\" style=\"background-color:#6699d6\"><\/span><div class=\"wp-block-cover__inner-container\">\n<div style=\"height:30px\" aria-hidden=\"true\" class=\"wp-block-spacer\"><\/div>\n\n\n\n<figure class=\"wp-block-image size-full is-resized\"><img decoding=\"async\" loading=\"lazy\" src=\"https:\/\/charterciutadella.com\/wp-content\/uploads\/2022\/12\/ANCORA-1.png\" alt=\"\" class=\"wp-image-130\" width=\"125\" height=\"125\" srcset=\"https:\/\/charterciutadella.com\/wp-content\/uploads\/2022\/12\/ANCORA-1.png 500w, https:\/\/charterciutadella.com\/wp-content\/uploads\/2022\/12\/ANCORA-1-300x300.png 300w, https:\/\/charterciutadella.com\/wp-content\/uploads\/2022\/12\/ANCORA-1-150x150.png 150w\" sizes=\"(max-width: 125px) 100vw, 125px\" \/><\/figure>\n\n\n\n<h1 class=\"has-text-align-left has-buttons-text-color has-text-color has-larger-font-size\">Bateau de 12 m\u00e8tres  <\/h1>\n\n\n\n<p class=\"has-buttons-text-color has-text-color has-normal-font-size\">Bateau de <strong>12 m\u00e8tres de long<\/strong>. Int\u00e9rieur luxueux : cuisine, deux salles de bains, salon et deux chambres. Ext\u00e9rieur tr\u00e8s confortable pour passer la journ\u00e9e avec un solarium et une grande salle \u00e0 manger.  <a href=\"https:\/\/charterciutadella.com\/fr\/navire\/\" data-type=\"page\" data-id=\"303\"><strong>Voir le navire ici.<\/strong><\/a><\/p>\n\n\n\n<hr class=\"wp-block-separator has-alpha-channel-opacity\"\/>\n<\/div><\/div>\n<\/div>\n\n\n\n<div class=\"is-layout-flow wp-block-column has-background\" style=\"background-color:#6699d6\">\n<div class=\"wp-block-cover is-light\"><span aria-hidden=\"true\" class=\"wp-block-cover__background has-background-dim-100 has-background-dim\" style=\"background-color:#6699d6\"><\/span><div class=\"wp-block-cover__inner-container\">\n<div style=\"height:30px\" aria-hidden=\"true\" class=\"wp-block-spacer\"><\/div>\n\n\n\n<figure class=\"wp-block-image size-full is-resized\"><img decoding=\"async\" loading=\"lazy\" src=\"https:\/\/charterciutadella.com\/wp-content\/uploads\/2022\/12\/capitan-1.png\" alt=\"\" class=\"wp-image-132\" width=\"125\" height=\"125\" srcset=\"https:\/\/charterciutadella.com\/wp-content\/uploads\/2022\/12\/capitan-1.png 500w, https:\/\/charterciutadella.com\/wp-content\/uploads\/2022\/12\/capitan-1-300x300.png 300w, https:\/\/charterciutadella.com\/wp-content\/uploads\/2022\/12\/capitan-1-150x150.png 150w\" sizes=\"(max-width: 125px) 100vw, 125px\" \/><\/figure>\n\n\n\n<h2 class=\"has-text-align-left has-buttons-text-color has-text-color has-larger-font-size\">Capacit\u00e9 11 personnes<\/h2>\n\n\n\n<p class=\"has-buttons-text-color has-text-color has-normal-font-size\">Notre bateau, d&rsquo;une capacit\u00e9 maximale de <strong>12 personnes (1 capitaine et 11 membres d&rsquo;\u00e9quipage)<\/strong>, est \u00e9quip\u00e9 de <strong>tous les \u00e9l\u00e9ments de s\u00e9curit\u00e9<\/strong>, toujours sous la supervision du <strong>skipper Colau<\/strong>.<\/p>\n\n\n\n<hr class=\"wp-block-separator has-alpha-channel-opacity\"\/>\n<\/div><\/div>\n<\/div>\n\n\n\n<div class=\"is-layout-flow wp-block-column has-background\" style=\"background-color:#6699d6\">\n<div class=\"wp-block-cover is-light\"><span aria-hidden=\"true\" class=\"wp-block-cover__background has-background-dim-100 has-background-dim\" style=\"background-color:#6699d6\"><\/span><div class=\"wp-block-cover__inner-container\">\n<div style=\"height:30px\" aria-hidden=\"true\" class=\"wp-block-spacer\"><\/div>\n\n\n\n<figure class=\"wp-block-image size-full is-resized\"><img decoding=\"async\" loading=\"lazy\" src=\"https:\/\/charterciutadella.com\/wp-content\/uploads\/2022\/12\/LOCALITZACIO-1.png\" alt=\"\" class=\"wp-image-133\" width=\"125\" height=\"125\" srcset=\"https:\/\/charterciutadella.com\/wp-content\/uploads\/2022\/12\/LOCALITZACIO-1.png 500w, https:\/\/charterciutadella.com\/wp-content\/uploads\/2022\/12\/LOCALITZACIO-1-300x300.png 300w, https:\/\/charterciutadella.com\/wp-content\/uploads\/2022\/12\/LOCALITZACIO-1-150x150.png 150w\" sizes=\"(max-width: 125px) 100vw, 125px\" \/><\/figure>\n\n\n\n<h1 class=\"has-text-align-left has-buttons-text-color has-text-color has-larger-font-size\">Situ\u00e9 \u00e0 Ciutadella<\/h1>\n\n\n\n<p class=\"has-buttons-text-color has-text-color has-normal-font-size\">Le bateau se trouve dans le port de Ciutadella. Depuis Ciutadella, nous pouvons choisir le nord ou le sud de Minorque en fonction du temps.  <\/p>\n\n\n\n<hr class=\"wp-block-separator has-alpha-channel-opacity\"\/>\n<\/div><\/div>\n<\/div>\n<\/div>\n\n\n\n<div class=\"is-layout-flex wp-container-11 wp-block-columns alignfull has-background\" style=\"background-color:#6699d6\">\n<div class=\"is-layout-flow wp-block-column\">\n<div class=\"wp-block-cover is-light\"><span aria-hidden=\"true\" class=\"wp-block-cover__background has-background-dim-100 has-background-dim\" style=\"background-color:#6699d6\"><\/span><div class=\"wp-block-cover__inner-container\">\n<figure class=\"wp-block-image size-full is-resized\"><img decoding=\"async\" loading=\"lazy\" src=\"https:\/\/charterciutadella.com\/wp-content\/uploads\/2023\/01\/PADDLESURF.png\" alt=\"\" class=\"wp-image-520\" width=\"125\" height=\"125\" srcset=\"https:\/\/charterciutadella.com\/wp-content\/uploads\/2023\/01\/PADDLESURF.png 500w, https:\/\/charterciutadella.com\/wp-content\/uploads\/2023\/01\/PADDLESURF-300x300.png 300w, https:\/\/charterciutadella.com\/wp-content\/uploads\/2023\/01\/PADDLESURF-150x150.png 150w\" sizes=\"(max-width: 125px) 100vw, 125px\" \/><\/figure>\n\n\n\n<h1 class=\"has-text-align-left has-buttons-text-color has-text-color has-larger-font-size\">Paddle Surf et Snorkelling.<\/h1>\n\n\n\n<p class=\"has-buttons-text-color has-text-color has-normal-font-size\"><strong>Nous disposons de divers accessoires tels qu&rsquo;un paddle surf et du mat\u00e9riel de snorkeling<\/strong> pour explorer tous les coins, grottes et plages de l&rsquo;\u00eele.  <\/p>\n\n\n\n<div style=\"height:100px\" aria-hidden=\"true\" class=\"wp-block-spacer\"><\/div>\n<\/div><\/div>\n<\/div>\n\n\n\n<div class=\"is-layout-flow wp-block-column\">\n<div class=\"wp-block-cover is-light\"><span aria-hidden=\"true\" class=\"wp-block-cover__background has-background-dim-100 has-background-dim\" style=\"background-color:#6699d6\"><\/span><div class=\"wp-block-cover__inner-container\">\n<figure class=\"wp-block-image size-full is-resized\"><img decoding=\"async\" loading=\"lazy\" src=\"https:\/\/charterciutadella.com\/wp-content\/uploads\/2022\/12\/BARCOEXTRA-1.png\" alt=\"\" class=\"wp-image-135\" width=\"125\" height=\"125\" srcset=\"https:\/\/charterciutadella.com\/wp-content\/uploads\/2022\/12\/BARCOEXTRA-1.png 500w, https:\/\/charterciutadella.com\/wp-content\/uploads\/2022\/12\/BARCOEXTRA-1-300x300.png 300w, https:\/\/charterciutadella.com\/wp-content\/uploads\/2022\/12\/BARCOEXTRA-1-150x150.png 150w\" sizes=\"(max-width: 125px) 100vw, 125px\" \/><\/figure>\n\n\n\n<h2 class=\"has-text-align-left has-buttons-text-color has-text-color has-larger-font-size\">Bateau auxiliaire<\/h2>\n\n\n\n<p class=\"has-buttons-text-color has-text-color has-normal-font-size\">Un <strong>canot pneumatique confortable<\/strong> pour rejoindre le bord des plages ou pour acc\u00e9der \u00e0 l&rsquo;une des grottes ou petits endroits (inaccessibles en bateau) de la c\u00f4te minorquine.<\/p>\n\n\n\n<div style=\"height:100px\" aria-hidden=\"true\" class=\"wp-block-spacer\"><\/div>\n<\/div><\/div>\n<\/div>\n\n\n\n<div class=\"is-layout-flow wp-block-column\">\n<div class=\"wp-block-cover is-light\"><span aria-hidden=\"true\" class=\"wp-block-cover__background has-background-dim-100 has-background-dim\" style=\"background-color:#6699d6\"><\/span><div class=\"wp-block-cover__inner-container\">\n<figure class=\"wp-block-image size-full is-resized\"><img decoding=\"async\" loading=\"lazy\" src=\"https:\/\/charterciutadella.com\/wp-content\/uploads\/2022\/12\/PESCA-1.png\" alt=\"\" class=\"wp-image-136\" width=\"125\" height=\"125\" srcset=\"https:\/\/charterciutadella.com\/wp-content\/uploads\/2022\/12\/PESCA-1.png 500w, https:\/\/charterciutadella.com\/wp-content\/uploads\/2022\/12\/PESCA-1-300x300.png 300w, https:\/\/charterciutadella.com\/wp-content\/uploads\/2022\/12\/PESCA-1-150x150.png 150w\" sizes=\"(max-width: 125px) 100vw, 125px\" \/><\/figure>\n\n\n\n<h1 class=\"has-text-align-left has-buttons-text-color has-text-color has-larger-font-size\">Mat\u00e9riel de p\u00eache<\/h1>\n\n\n\n<p class=\"has-buttons-text-color has-text-color has-normal-font-size\">Sur le bateau, nous disposons de tout l&rsquo;\u00e9quipement complet pour pouvoir r\u00e9aliser l&rsquo;activit\u00e9 de p\u00eache \u00e0 la <strong>canne ou \u00e0 la tra\u00eene, aussi bien pour les enfants que pour les adultes<\/strong> (avec la possibilit\u00e9 de cuisiner votre p\u00eache \u00e0 bord).<\/p>\n\n\n\n<div style=\"height:100px\" aria-hidden=\"true\" class=\"wp-block-spacer\"><\/div>\n<\/div><\/div>\n<\/div>\n<\/div>\n\n\n\n<div class=\"alignfull\"><div id=\"metaslider-id-673\" style=\"width: 100%;\" class=\"ml-slider-3-28-3 metaslider metaslider-flex metaslider-673 ml-slider ms-theme-blend has-dots-nav\">\n    <div id=\"metaslider_container_673\">\n        <div id=\"metaslider_673\">\n            <ul aria-live=\"polite\" class=\"slides\">\n                <li style=\"display: block; width: 100%;\" class=\"slide-675 ms-image\"><img src=\"https:\/\/charterciutadella.com\/wp-content\/uploads\/2023\/02\/SLIDE1-700x300.jpg\" height=\"300\" width=\"700\" alt=\"\" class=\"slider-673 slide-675\" title=\"SLIDE1\" \/><\/li>\n                <li style=\"display: none; width: 100%;\" class=\"slide-676 ms-image\"><img src=\"https:\/\/charterciutadella.com\/wp-content\/uploads\/2022\/12\/SLIDE2-1-700x300.jpg\" height=\"300\" width=\"700\" alt=\"\" class=\"slider-673 slide-676\" title=\"SLIDE2-1\" \/><\/li>\n                <li style=\"display: none; width: 100%;\" class=\"slide-677 ms-image\"><img src=\"https:\/\/charterciutadella.com\/wp-content\/uploads\/2022\/12\/SLIDE3-700x300.jpg\" height=\"300\" width=\"700\" alt=\"\" class=\"slider-673 slide-677\" title=\"SLIDE3\" \/><\/li>\n            <\/ul>\n        <\/div>\n        \n    <\/div>\n<\/div><\/div>\n\n\n\n<div style=\"height:50px\" aria-hidden=\"true\" class=\"wp-block-spacer\"><\/div>\n\n\n\n<div class=\"is-layout-flex wp-container-14 wp-block-columns alignwide\">\n<div class=\"is-layout-flow wp-block-column\">\n<h2 style=\"font-size:40px\">R\u00e9servez \u00e0 la journ\u00e9e, \u00e0 la demi-journ\u00e9e ou par places.<\/h2>\n<\/div>\n\n\n\n<div class=\"is-layout-flow wp-block-column\">\n<p class=\"has-normal-font-size\">Profitez d&rsquo;un souvenir inoubliable de la vie minorquine. Naviguez sur les c\u00f4tes de l&rsquo;\u00eele, profitez d&rsquo;un coucher de soleil, d\u00e9couvrez les fonds marins de Minorque et aventurez-vous dans ses grottes myst\u00e9rieuses. R\u00e9servez votre activit\u00e9 avec votre famille et vos amis ici : )<\/p>\n<\/div>\n<\/div>\n\n\n\n<div style=\"height:50px\" aria-hidden=\"true\" class=\"wp-block-spacer\"><\/div>\n\n\n\n<div class=\"is-layout-flex wp-container-21 wp-block-columns alignfull\">\n<div class=\"is-layout-flow wp-block-column has-background\" style=\"background-color:#c23451\">\n<div class=\"wp-block-cover alignwide\"><span aria-hidden=\"true\" class=\"wp-block-cover__background has-background-dim-100 has-background-dim\" style=\"background-color:#c23451\"><\/span><div class=\"wp-block-cover__inner-container\">\n<div style=\"height:30px\" aria-hidden=\"true\" class=\"wp-block-spacer\"><\/div>\n\n\n\n<figure class=\"wp-block-image size-full is-resized\"><img decoding=\"async\" loading=\"lazy\" src=\"https:\/\/charterciutadella.com\/wp-content\/uploads\/2022\/12\/DIACOMPLETO.png\" alt=\"\" class=\"wp-image-196\" width=\"125\" height=\"125\" srcset=\"https:\/\/charterciutadella.com\/wp-content\/uploads\/2022\/12\/DIACOMPLETO.png 500w, https:\/\/charterciutadella.com\/wp-content\/uploads\/2022\/12\/DIACOMPLETO-300x300.png 300w, https:\/\/charterciutadella.com\/wp-content\/uploads\/2022\/12\/DIACOMPLETO-150x150.png 150w\" sizes=\"(max-width: 125px) 100vw, 125px\" \/><\/figure>\n\n\n\n<h2 class=\"has-text-align-left has-larger-font-size\">Journ\u00e9e enti\u00e8re<\/h2>\n\n\n\n<p>Profitez d&rsquo;une belle journ\u00e9e en mer au nord ou au sud de l&rsquo;\u00eele de Minorque. L&rsquo;itin\u00e9raire choisi et les arr\u00eats d\u00e9pendront des go\u00fbts du client et de l&rsquo;\u00e9tat de la mer.<\/p>\n\n\n\n<div class=\"is-layout-flex wp-block-buttons\">\n<div class=\"wp-block-button is-style-outline\"><a class=\"wp-block-button__link has-buttons-text-color has-text-color wp-element-button\" href=\"https:\/\/charterciutadella.com\/fr\/journee-entiere\/\" style=\"border-radius:0px\">Voir Service<\/a><\/div>\n<\/div>\n\n\n\n<div style=\"height:30px\" aria-hidden=\"true\" class=\"wp-block-spacer\"><\/div>\n<\/div><\/div>\n<\/div>\n\n\n\n<div class=\"is-layout-flow wp-block-column has-background\" style=\"background-color:#6699d6\">\n<div class=\"wp-block-cover alignwide is-light\"><span aria-hidden=\"true\" class=\"wp-block-cover__background has-background-dim-100 has-background-dim\" style=\"background-color:#6699d6\"><\/span><div class=\"wp-block-cover__inner-container\">\n<div style=\"height:30px\" aria-hidden=\"true\" class=\"wp-block-spacer\"><\/div>\n\n\n\n<figure class=\"wp-block-image size-full is-resized\"><img decoding=\"async\" loading=\"lazy\" src=\"https:\/\/charterciutadella.com\/wp-content\/uploads\/2022\/12\/POR-PLAZAS.png\" alt=\"\" class=\"wp-image-197\" width=\"125\" height=\"125\" srcset=\"https:\/\/charterciutadella.com\/wp-content\/uploads\/2022\/12\/POR-PLAZAS.png 500w, https:\/\/charterciutadella.com\/wp-content\/uploads\/2022\/12\/POR-PLAZAS-300x300.png 300w, https:\/\/charterciutadella.com\/wp-content\/uploads\/2022\/12\/POR-PLAZAS-150x150.png 150w\" sizes=\"(max-width: 125px) 100vw, 125px\" \/><\/figure>\n\n\n\n<h2 class=\"has-text-align-left has-buttons-text-color has-text-color has-larger-font-size\">Par Plazas<\/h2>\n\n\n\n<p class=\"has-buttons-text-color has-text-color\">Choisissez une exp\u00e9rience diff\u00e9rente. La nourriture et les boissons sont incluses. Et vous pouvez profiter d&rsquo;un voyage fantastique le long de la c\u00f4te minorquine.<\/p>\n\n\n\n<div class=\"is-layout-flex wp-block-buttons\">\n<div class=\"wp-block-button is-style-outline\"><a class=\"wp-block-button__link has-buttons-text-color has-text-color wp-element-button\" href=\"https:\/\/charterciutadella.com\/fr\/par-siege\/\" style=\"border-radius:0px\">Voir Service<\/a><\/div>\n<\/div>\n\n\n\n<div style=\"height:30px\" aria-hidden=\"true\" class=\"wp-block-spacer\"><\/div>\n<\/div><\/div>\n<\/div>\n\n\n\n<div class=\"is-layout-flow wp-block-column has-background\" style=\"background-color:#ebbf57\">\n<div class=\"wp-block-cover alignwide is-light\"><span aria-hidden=\"true\" class=\"wp-block-cover__background has-background-dim-100 has-background-dim\" style=\"background-color:#ebbf57\"><\/span><div class=\"wp-block-cover__inner-container\">\n<div style=\"height:30px\" aria-hidden=\"true\" class=\"wp-block-spacer\"><\/div>\n\n\n\n<figure class=\"wp-block-image size-full is-resized\"><img decoding=\"async\" loading=\"lazy\" src=\"https:\/\/charterciutadella.com\/wp-content\/uploads\/2022\/12\/MEDIODIA.png\" alt=\"\" class=\"wp-image-199\" width=\"125\" height=\"125\" srcset=\"https:\/\/charterciutadella.com\/wp-content\/uploads\/2022\/12\/MEDIODIA.png 500w, https:\/\/charterciutadella.com\/wp-content\/uploads\/2022\/12\/MEDIODIA-300x300.png 300w, https:\/\/charterciutadella.com\/wp-content\/uploads\/2022\/12\/MEDIODIA-150x150.png 150w\" sizes=\"(max-width: 125px) 100vw, 125px\" \/><\/figure>\n\n\n\n<h2 class=\"has-text-align-left has-buttons-text-color has-text-color has-larger-font-size\">Demi-journ\u00e9e<\/h2>\n\n\n\n<p class=\"has-buttons-text-color has-text-color\">Profitez d&rsquo;une sortie le matin ou l&rsquo;apr\u00e8s-midi, le choix vous appartient. L&rsquo;itin\u00e9raire et les arr\u00eats d\u00e9pendront de la m\u00e9t\u00e9o. Les horaires du matin sont de 10:00h \u00e0 14:00h et ceux de l&rsquo;apr\u00e8s-midi de 14:00h \u00e0 19:00h.<\/p>\n\n\n\n<div class=\"is-layout-flex wp-block-buttons\">\n<div class=\"wp-block-button is-style-outline\"><a class=\"wp-block-button__link has-buttons-text-color has-text-color wp-element-button\" href=\"https:\/\/charterciutadella.com\/fr\/demi-journee\/\" style=\"border-radius:0px\">Voir Service<\/a><\/div>\n<\/div>\n\n\n\n<div style=\"height:30px\" aria-hidden=\"true\" class=\"wp-block-spacer\"><\/div>\n<\/div><\/div>\n<\/div>\n<\/div>\n\n\n\n<div class=\"wp-block-cover alignfull is-light\" style=\"min-height:700px\"><span aria-hidden=\"true\" class=\"wp-block-cover__background has-background-dim\"><\/span><img decoding=\"async\" loading=\"lazy\" width=\"2560\" height=\"1707\" class=\"wp-block-cover__image-background wp-image-28\" alt=\"\" src=\"http:\/\/charterciutadella.com\/wp-content\/uploads\/2022\/12\/HOME_CHESAPEAKE-scaled.jpg\" data-object-fit=\"cover\" srcset=\"https:\/\/charterciutadella.com\/wp-content\/uploads\/2022\/12\/HOME_CHESAPEAKE-scaled.jpg 2560w, https:\/\/charterciutadella.com\/wp-content\/uploads\/2022\/12\/HOME_CHESAPEAKE-300x200.jpg 300w, https:\/\/charterciutadella.com\/wp-content\/uploads\/2022\/12\/HOME_CHESAPEAKE-700x467.jpg 700w, https:\/\/charterciutadella.com\/wp-content\/uploads\/2022\/12\/HOME_CHESAPEAKE-768x512.jpg 768w, https:\/\/charterciutadella.com\/wp-content\/uploads\/2022\/12\/HOME_CHESAPEAKE-1536x1024.jpg 1536w, https:\/\/charterciutadella.com\/wp-content\/uploads\/2022\/12\/HOME_CHESAPEAKE-2048x1365.jpg 2048w, https:\/\/charterciutadella.com\/wp-content\/uploads\/2022\/12\/HOME_CHESAPEAKE-540x360.jpg 540w, https:\/\/charterciutadella.com\/wp-content\/uploads\/2022\/12\/HOME_CHESAPEAKE-1080x720.jpg 1080w, https:\/\/charterciutadella.com\/wp-content\/uploads\/2022\/12\/HOME_CHESAPEAKE-1980x1320.jpg 1980w\" sizes=\"(max-width: 2560px) 100vw, 2560px\" \/><div class=\"wp-block-cover__inner-container\">\n<h1 class=\"has-text-align-center has-buttons-text-color has-text-color\" style=\"font-size:40px\">Voir Chesapeake Charter Boat<\/h1>\n\n\n\n<div class=\"is-content-justification-center is-layout-flex wp-container-22 wp-block-buttons\">\n<div class=\"wp-block-button is-style-outline\"><a class=\"wp-block-button__link has-buttons-text-color has-text-color wp-element-button\" href=\"https:\/\/charterciutadella.com\/fr\/navire\/\" style=\"border-radius:0px\">Voir le navire<\/a><\/div>\n<\/div>\n<\/div><\/div>\n\n\n\n<div style=\"height:30px\" aria-hidden=\"true\" class=\"wp-block-spacer\"><\/div>\n\n\n\n<hr class=\"wp-block-separator alignfull has-alpha-channel-opacity\"\/>\n\n\n\n<div class=\"is-layout-flex wp-container-27 wp-block-columns alignfull\">\n<div class=\"is-layout-flow wp-block-column is-vertically-aligned-center\"><div class=\"wp-block-image\">\n<figure class=\"aligncenter size-full\"><img decoding=\"async\" loading=\"lazy\" width=\"255\" height=\"82\" src=\"http:\/\/charterciutadella.com\/wp-content\/uploads\/2022\/12\/CHESAPEAKE_LOGO_NEGRO.png\" alt=\"\" class=\"wp-image-7\"\/><\/figure><\/div><\/div>\n\n\n\n<div class=\"is-layout-flow wp-block-column is-vertically-aligned-center\">\n<h1 class=\"has-text-align-center has-large-font-size\">Vous avez des doutes ?<\/h1>\n\n\n\n<p class=\"has-text-align-center\"><strong><strong>N&rsquo;h\u00e9sitez pas \u00e0 nous contacter.  <\/strong><br><strong>Nous sommes \u00e0 votre disposition pour tout ce dont vous avez besoin.<\/strong><\/strong><\/p>\n<\/div>\n\n\n\n<div class=\"is-layout-flow wp-block-column is-vertically-aligned-center\">\n<div class=\"is-content-justification-center is-layout-flex wp-container-25 wp-block-buttons\">\n<div class=\"wp-block-button is-style-outline\"><a class=\"wp-block-button__link has-primary-color has-text-color wp-element-button\" href=\"https:\/\/api.whatsapp.com\/send?phone=34690363866\" style=\"border-radius:0px\" rel=\"nofollow noopener\" target=\"_blank\">Whatsapp<\/a><\/div>\n\n\n\n<div class=\"wp-block-button is-style-outline\"><a class=\"wp-block-button__link has-primary-color has-text-color wp-element-button\" href=\"mailto:cruceroschesapeake@gmail.com\" style=\"border-radius:0px\">Email<\/a><\/div>\n<\/div>\n<\/div>\n<\/div>\n\n\n\n<hr class=\"wp-block-separator alignfull has-alpha-channel-opacity\"\/>\n","protected":false},"excerpt":{"rendered":"<p>Location avec skipper. 20 ans d&rsquo;exp\u00e9rience. Chesapeake Cruises a plus de 20 ans d&rsquo;exp\u00e9rience dans la navigation sur les eaux de Minorque, sous la supervision de notre skipper&hellip;<\/p>\n","protected":false},"author":1,"featured_media":765,"parent":0,"menu_order":0,"comment_status":"closed","ping_status":"closed","template":"template-full-width-cover.php","meta":{"_joinchat":[]},"_links":{"self":[{"href":"https:\/\/charterciutadella.com\/fr\/wp-json\/wp\/v2\/pages\/789"}],"collection":[{"href":"https:\/\/charterciutadella.com\/fr\/wp-json\/wp\/v2\/pages"}],"about":[{"href":"https:\/\/charterciutadella.com\/fr\/wp-json\/wp\/v2\/types\/page"}],"author":[{"embeddable":true,"href":"https:\/\/charterciutadella.com\/fr\/wp-json\/wp\/v2\/users\/1"}],"replies":[{"embeddable":true,"href":"https:\/\/charterciutadella.com\/fr\/wp-json\/wp\/v2\/comments?post=789"}],"version-history":[{"count":21,"href":"https:\/\/charterciutadella.com\/fr\/wp-json\/wp\/v2\/pages\/789\/revisions"}],"predecessor-version":[{"id":957,"href":"https:\/\/charterciutadella.com\/fr\/wp-json\/wp\/v2\/pages\/789\/revisions\/957"}],"wp:featuredmedia":[{"embeddable":true,"href":"https:\/\/charterciutadella.com\/fr\/wp-json\/wp\/v2\/media\/765"}],"wp:attachment":[{"href":"https:\/\/charterciutadella.com\/fr\/wp-json\/wp\/v2\/media?parent=789"}],"curies":[{"name":"wp","href":"https:\/\/api.w.org\/{rel}","templated":true}]}}