{"id":804,"date":"2022-12-22T18:12:55","date_gmt":"2022-12-22T18:12:55","guid":{"rendered":"https:\/\/charterciutadella.com\/navire\/"},"modified":"2023-02-14T11:38:51","modified_gmt":"2023-02-14T11:38:51","slug":"navire","status":"publish","type":"page","link":"https:\/\/charterciutadella.com\/fr\/navire\/","title":{"rendered":"Navire"},"content":{"rendered":"\n<div class=\"is-layout-flex wp-container-3 wp-block-columns alignwide\">\n<div class=\"is-layout-flow wp-block-column\">\n<h2 style=\"font-size:50px\">Navire Chesapeake<\/h2>\n<\/div>\n\n\n\n<div class=\"is-layout-flow wp-block-column\">\n<p class=\"has-normal-font-size\">Chesapeake Cruises est un navire de<strong> 12 m\u00e8tres de long<\/strong>, de type bateau \u00e0 moteur. Il dispose d&rsquo;un<strong> int\u00e9rieur tr\u00e8s complet<\/strong> avec deux chambres, <strong>deux salles de bains,<\/strong> une cuisine et un espace salon.  <br>L&rsquo;ext\u00e9rieur du bateau est id\u00e9al pour une journ\u00e9e confortable, avec plusieurs zones bien am\u00e9nag\u00e9es : le <strong>bain de soleil, la salle \u00e0 manger et le grand cockpit, ainsi qu&rsquo;une plateforme de baignade <\/strong>.  <br>Le bateau dispose d&rsquo;un <strong>paddle surf, d&rsquo;un \u00e9quipement de plong\u00e9e avec tuba, d&rsquo;eau douce<\/strong> et de toutes les commodit\u00e9s.  <\/p>\n<\/div>\n<\/div>\n\n\n\n<div class=\"alignfull\"><div id=\"metaslider-id-680\" style=\"width: 100%;\" class=\"ml-slider-3-28-3 metaslider metaslider-flex metaslider-680 ml-slider ms-theme-blend has-dots-nav\">\n    <div id=\"metaslider_container_680\">\n        <div id=\"metaslider_680\">\n            <ul aria-live=\"polite\" class=\"slides\">\n                <li style=\"display: block; width: 100%;\" class=\"slide-684 ms-image\"><img src=\"https:\/\/charterciutadella.com\/wp-content\/uploads\/2023\/02\/SLIDE_INTERIOR_1-700x300.jpg\" height=\"300\" width=\"700\" alt=\"\" class=\"slider-680 slide-684\" title=\"SLIDE_INTERIOR_1\" \/><\/li>\n                <li style=\"display: none; width: 100%;\" class=\"slide-685 ms-image\"><img src=\"https:\/\/charterciutadella.com\/wp-content\/uploads\/2023\/02\/SLIDE_INTERIOR_2-700x300.jpg\" height=\"300\" width=\"700\" alt=\"\" class=\"slider-680 slide-685\" title=\"SLIDE_INTERIOR_2\" \/><\/li>\n                <li style=\"display: none; width: 100%;\" class=\"slide-686 ms-image\"><img src=\"https:\/\/charterciutadella.com\/wp-content\/uploads\/2023\/02\/SLIDE_INTERIOR_3-700x300.jpg\" height=\"300\" width=\"700\" alt=\"\" class=\"slider-680 slide-686\" title=\"SLIDE_INTERIOR_3\" \/><\/li>\n            <\/ul>\n        <\/div>\n        \n    <\/div>\n<\/div><\/div>\n\n\n\n<figure class=\"is-layout-flex wp-block-gallery-4 wp-block-gallery alignfull has-nested-images columns-default is-cropped\">\n<figure class=\"wp-block-image size-large\"><img decoding=\"async\" loading=\"lazy\" width=\"700\" height=\"700\" data-id=\"690\"  src=\"https:\/\/charterciutadella.com\/wp-content\/uploads\/2023\/02\/CHESAPEAKE_1-700x700.jpg\" alt=\"\" class=\"wp-image-690\" srcset=\"https:\/\/charterciutadella.com\/wp-content\/uploads\/2023\/02\/CHESAPEAKE_1-700x700.jpg 700w, https:\/\/charterciutadella.com\/wp-content\/uploads\/2023\/02\/CHESAPEAKE_1-300x300.jpg 300w, https:\/\/charterciutadella.com\/wp-content\/uploads\/2023\/02\/CHESAPEAKE_1-150x150.jpg 150w, https:\/\/charterciutadella.com\/wp-content\/uploads\/2023\/02\/CHESAPEAKE_1-768x768.jpg 768w, https:\/\/charterciutadella.com\/wp-content\/uploads\/2023\/02\/CHESAPEAKE_1-540x540.jpg 540w, https:\/\/charterciutadella.com\/wp-content\/uploads\/2023\/02\/CHESAPEAKE_1.jpg 800w\" sizes=\"(max-width: 700px) 100vw, 700px\" \/><\/figure>\n\n\n\n<figure class=\"wp-block-image size-large\"><img decoding=\"async\" loading=\"lazy\" width=\"700\" height=\"700\" data-id=\"691\"  src=\"https:\/\/charterciutadella.com\/wp-content\/uploads\/2023\/02\/CHESAPEAKE_2-700x700.jpg\" alt=\"\" class=\"wp-image-691\" srcset=\"https:\/\/charterciutadella.com\/wp-content\/uploads\/2023\/02\/CHESAPEAKE_2-700x700.jpg 700w, https:\/\/charterciutadella.com\/wp-content\/uploads\/2023\/02\/CHESAPEAKE_2-300x300.jpg 300w, https:\/\/charterciutadella.com\/wp-content\/uploads\/2023\/02\/CHESAPEAKE_2-150x150.jpg 150w, https:\/\/charterciutadella.com\/wp-content\/uploads\/2023\/02\/CHESAPEAKE_2-768x768.jpg 768w, https:\/\/charterciutadella.com\/wp-content\/uploads\/2023\/02\/CHESAPEAKE_2-540x540.jpg 540w, https:\/\/charterciutadella.com\/wp-content\/uploads\/2023\/02\/CHESAPEAKE_2.jpg 960w\" sizes=\"(max-width: 700px) 100vw, 700px\" \/><\/figure>\n<\/figure>\n\n\n\n<div class=\"alignfull\"><div id=\"metaslider-id-693\" style=\"width: 100%;\" class=\"ml-slider-3-28-3 metaslider metaslider-flex metaslider-693 ml-slider ms-theme-blend has-dots-nav\">\n    <div id=\"metaslider_container_693\">\n        <div id=\"metaslider_693\">\n            <ul aria-live=\"polite\" class=\"slides\">\n                <li style=\"display: block; width: 100%;\" class=\"slide-697 ms-image\"><img src=\"https:\/\/charterciutadella.com\/wp-content\/uploads\/2023\/02\/CHESAPEAKE_A-700x300.jpg\" height=\"300\" width=\"700\" alt=\"\" class=\"slider-693 slide-697\" title=\"CHESAPEAKE_A\" \/><\/li>\n                <li style=\"display: none; width: 100%;\" class=\"slide-698 ms-image\"><img src=\"https:\/\/charterciutadella.com\/wp-content\/uploads\/2023\/02\/CHESAPEAKE_B-700x300.jpg\" height=\"300\" width=\"700\" alt=\"\" class=\"slider-693 slide-698\" title=\"CHESAPEAKE_B\" \/><\/li>\n                <li style=\"display: none; width: 100%;\" class=\"slide-699 ms-image\"><img src=\"https:\/\/charterciutadella.com\/wp-content\/uploads\/2023\/02\/CHESAPEAKE_C-700x300.jpg\" height=\"300\" width=\"700\" alt=\"\" class=\"slider-693 slide-699\" title=\"CHESAPEAKE_C\" \/><\/li>\n            <\/ul>\n        <\/div>\n        \n    <\/div>\n<\/div><\/div>\n\n\n\n<div class=\"wp-block-cover alignfull is-light\" style=\"min-height:800px\"><span aria-hidden=\"true\" class=\"wp-block-cover__background has-background-dim\"><\/span><img decoding=\"async\" loading=\"lazy\" width=\"2560\" height=\"1707\" class=\"wp-block-cover__image-background wp-image-28\" alt=\"\" src=\"https:\/\/charterciutadella.com\/wp-content\/uploads\/2022\/12\/HOME_CHESAPEAKE-scaled.jpg\" data-object-fit=\"cover\" srcset=\"https:\/\/charterciutadella.com\/wp-content\/uploads\/2022\/12\/HOME_CHESAPEAKE-scaled.jpg 2560w, https:\/\/charterciutadella.com\/wp-content\/uploads\/2022\/12\/HOME_CHESAPEAKE-300x200.jpg 300w, https:\/\/charterciutadella.com\/wp-content\/uploads\/2022\/12\/HOME_CHESAPEAKE-700x467.jpg 700w, https:\/\/charterciutadella.com\/wp-content\/uploads\/2022\/12\/HOME_CHESAPEAKE-768x512.jpg 768w, https:\/\/charterciutadella.com\/wp-content\/uploads\/2022\/12\/HOME_CHESAPEAKE-1536x1024.jpg 1536w, https:\/\/charterciutadella.com\/wp-content\/uploads\/2022\/12\/HOME_CHESAPEAKE-2048x1365.jpg 2048w, https:\/\/charterciutadella.com\/wp-content\/uploads\/2022\/12\/HOME_CHESAPEAKE-540x360.jpg 540w, https:\/\/charterciutadella.com\/wp-content\/uploads\/2022\/12\/HOME_CHESAPEAKE-1080x720.jpg 1080w, https:\/\/charterciutadella.com\/wp-content\/uploads\/2022\/12\/HOME_CHESAPEAKE-1980x1320.jpg 1980w\" sizes=\"(max-width: 2560px) 100vw, 2560px\" \/><div class=\"wp-block-cover__inner-container\">\n<h2 class=\"has-text-align-center has-buttons-text-color has-text-color has-larger-font-size\">Faites votre r\u00e9servation maintenant<\/h2>\n\n\n\n<div class=\"is-content-justification-center is-layout-flex wp-container-6 wp-block-buttons\">\n<div class=\"wp-block-button is-style-outline\"><a class=\"wp-block-button__link has-buttons-text-color has-text-color wp-element-button\" href=\"https:\/\/charterciutadella.com\/fr\/journee-entiere\/\" style=\"border-radius:0px\">Journ\u00e9e enti\u00e8re<\/a><\/div>\n\n\n\n<div class=\"wp-block-button is-style-outline\"><a class=\"wp-block-button__link has-buttons-text-color has-text-color wp-element-button\" href=\"https:\/\/charterciutadella.com\/fr\/demi-journee\/\" style=\"border-radius:0px\">Demi-journ\u00e9e<\/a><\/div>\n\n\n\n<div class=\"wp-block-button is-style-outline\"><a class=\"wp-block-button__link has-buttons-text-color has-text-color wp-element-button\" href=\"https:\/\/charterciutadella.com\/fr\/par-siege\/\" style=\"border-radius:0px\">Par Plazas<\/a><\/div>\n<\/div>\n<\/div><\/div>\n\n\n\n<hr class=\"wp-block-separator alignfull has-alpha-channel-opacity\"\/>\n\n\n\n<div class=\"is-layout-flex wp-container-11 wp-block-columns alignfull\">\n<div class=\"is-layout-flow wp-block-column is-vertically-aligned-center\"><div class=\"wp-block-image\">\n<figure class=\"aligncenter size-full\"><img decoding=\"async\" loading=\"lazy\" width=\"255\" height=\"82\" src=\"http:\/\/charterciutadella.com\/wp-content\/uploads\/2022\/12\/CHESAPEAKE_LOGO_NEGRO.png\" alt=\"\" class=\"wp-image-7\"\/><\/figure><\/div><\/div>\n\n\n\n<div class=\"is-layout-flow wp-block-column is-vertically-aligned-center\">\n<h1 class=\"has-text-align-center has-large-font-size\">Vous avez des doutes ?<\/h1>\n\n\n\n<p class=\"has-text-align-center\"><strong><strong>N&rsquo;h\u00e9sitez pas \u00e0 nous contacter.  <\/strong><br><strong>Nous sommes \u00e0 votre disposition pour tout ce dont vous avez besoin.<\/strong><\/strong><\/p>\n<\/div>\n\n\n\n<div class=\"is-layout-flow wp-block-column is-vertically-aligned-center\">\n<div class=\"is-content-justification-center is-layout-flex wp-container-9 wp-block-buttons\">\n<div class=\"wp-block-button is-style-outline\"><a class=\"wp-block-button__link has-primary-color has-text-color wp-element-button\" href=\"https:\/\/api.whatsapp.com\/send?phone=34690363866\" style=\"border-radius:0px\" rel=\"nofollow noopener\" target=\"_blank\">Whatsapp<\/a><\/div>\n\n\n\n<div class=\"wp-block-button is-style-outline\"><a class=\"wp-block-button__link has-primary-color has-text-color wp-element-button\" href=\"mailto:cruceroschesapeake@gmail.com\" style=\"border-radius:0px\">Email<\/a><\/div>\n<\/div>\n<\/div>\n<\/div>\n\n\n\n<hr class=\"wp-block-separator alignfull has-alpha-channel-opacity\"\/>\n","protected":false},"excerpt":{"rendered":"<p>Navire Chesapeake Chesapeake Cruises est un navire de 12 m\u00e8tres de long, de type bateau \u00e0 moteur. Il dispose d&rsquo;un int\u00e9rieur tr\u00e8s complet avec deux chambres, deux salles&hellip;<\/p>\n","protected":false},"author":1,"featured_media":0,"parent":0,"menu_order":0,"comment_status":"closed","ping_status":"closed","template":"template-full-width.php","meta":{"_joinchat":[]},"_links":{"self":[{"href":"https:\/\/charterciutadella.com\/fr\/wp-json\/wp\/v2\/pages\/804"}],"collection":[{"href":"https:\/\/charterciutadella.com\/fr\/wp-json\/wp\/v2\/pages"}],"about":[{"href":"https:\/\/charterciutadella.com\/fr\/wp-json\/wp\/v2\/types\/page"}],"author":[{"embeddable":true,"href":"https:\/\/charterciutadella.com\/fr\/wp-json\/wp\/v2\/users\/1"}],"replies":[{"embeddable":true,"href":"https:\/\/charterciutadella.com\/fr\/wp-json\/wp\/v2\/comments?post=804"}],"version-history":[{"count":8,"href":"https:\/\/charterciutadella.com\/fr\/wp-json\/wp\/v2\/pages\/804\/revisions"}],"predecessor-version":[{"id":974,"href":"https:\/\/charterciutadella.com\/fr\/wp-json\/wp\/v2\/pages\/804\/revisions\/974"}],"wp:attachment":[{"href":"https:\/\/charterciutadella.com\/fr\/wp-json\/wp\/v2\/media?parent=804"}],"curies":[{"name":"wp","href":"https:\/\/api.w.org\/{rel}","templated":true}]}}