{"id":821,"date":"2022-12-22T16:30:24","date_gmt":"2022-12-22T16:30:24","guid":{"rendered":"https:\/\/charterciutadella.com\/demi-journee\/"},"modified":"2023-02-14T11:38:15","modified_gmt":"2023-02-14T11:38:15","slug":"demi-journee","status":"publish","type":"page","link":"https:\/\/charterciutadella.com\/fr\/demi-journee\/","title":{"rendered":"Demi-journ\u00e9e"},"content":{"rendered":"\n<div class=\"is-layout-flex wp-container-3 wp-block-columns alignwide\">\n<div class=\"is-layout-flow wp-block-column\">\n<h2 style=\"font-size:50px\">Demi-journ\u00e9e<\/h2>\n<\/div>\n\n\n\n<div class=\"is-layout-flow wp-block-column\">\n<p class=\"has-larger-font-size\">Matin : de 10.00h \u00e0 14.00h  <\/p>\n\n\n\n<p class=\"has-larger-font-size\">Apr\u00e8s-midi : de 15.00h \u00e0 19.00h<\/p>\n<\/div>\n<\/div>\n\n\n\n<div class=\"is-layout-flex wp-container-6 wp-block-columns alignfull\">\n<div class=\"is-layout-flow wp-block-column\" style=\"flex-basis:25%\">\n<p><\/p>\n<\/div>\n\n\n\n<div class=\"is-layout-flow wp-block-column\" style=\"flex-basis:60%\">\n\n          <div class=\"turitop_bswp_button_box_wrap\">\n\n                  <div class=\"load-turitop loading-turitop turitop_booking_system_box_button\"  data-service=\"P2\"  data-embed=\"box\" data-buttoncolor=\"green\" ><\/div>\n\n          <\/div>\n\n          \n<\/div>\n<\/div>\n\n\n\n<div class=\"wp-block-media-text alignfull is-stacked-on-mobile is-image-fill has-background\" style=\"background-color:#ebbf57\"><figure class=\"wp-block-media-text__media\" style=\"background-image:url(https:\/\/charterciutadella.com\/wp-content\/uploads\/2022\/12\/DIAYNOCHECHESAPEAKE-700x700.jpg);background-position:50% 50%\"><img decoding=\"async\" loading=\"lazy\" width=\"700\" height=\"700\" src=\"https:\/\/charterciutadella.com\/wp-content\/uploads\/2022\/12\/DIAYNOCHECHESAPEAKE-700x700.jpg\" alt=\"\" class=\"wp-image-142 size-full\" srcset=\"https:\/\/charterciutadella.com\/wp-content\/uploads\/2022\/12\/DIAYNOCHECHESAPEAKE-700x700.jpg 700w, https:\/\/charterciutadella.com\/wp-content\/uploads\/2022\/12\/DIAYNOCHECHESAPEAKE-300x300.jpg 300w, https:\/\/charterciutadella.com\/wp-content\/uploads\/2022\/12\/DIAYNOCHECHESAPEAKE-150x150.jpg 150w, https:\/\/charterciutadella.com\/wp-content\/uploads\/2022\/12\/DIAYNOCHECHESAPEAKE-768x768.jpg 768w, https:\/\/charterciutadella.com\/wp-content\/uploads\/2022\/12\/DIAYNOCHECHESAPEAKE-540x540.jpg 540w, https:\/\/charterciutadella.com\/wp-content\/uploads\/2022\/12\/DIAYNOCHECHESAPEAKE-1080x1080.jpg 1080w, https:\/\/charterciutadella.com\/wp-content\/uploads\/2022\/12\/DIAYNOCHECHESAPEAKE.jpg 1200w\" sizes=\"(max-width: 700px) 100vw, 700px\" \/><\/figure><div class=\"wp-block-media-text__content\">\n<div style=\"height:70px\" aria-hidden=\"true\" class=\"wp-block-spacer\"><\/div>\n\n\n\n<hr class=\"wp-block-separator has-text-color has-buttons-text-color has-alpha-channel-opacity has-buttons-text-background-color has-background\"\/>\n\n\n\n<h2 class=\"has-text-align-center has-buttons-text-color has-text-color has-larger-font-size\">Caract\u00e9ristiques du navire<\/h2>\n\n\n\n<hr class=\"wp-block-separator has-text-color has-buttons-text-color has-alpha-channel-opacity has-buttons-text-background-color has-background\"\/>\n\n\n\n<div class=\"is-layout-flex wp-container-10 wp-block-columns\">\n<div class=\"is-layout-flow wp-block-column\"><div class=\"wp-block-image\">\n<figure class=\"aligncenter size-full is-resized\"><img decoding=\"async\" loading=\"lazy\" src=\"http:\/\/charterciutadella.com\/wp-content\/uploads\/2022\/12\/ANCORA-1.png\" alt=\"\" class=\"wp-image-130\" width=\"75\" height=\"75\" srcset=\"https:\/\/charterciutadella.com\/wp-content\/uploads\/2022\/12\/ANCORA-1.png 500w, https:\/\/charterciutadella.com\/wp-content\/uploads\/2022\/12\/ANCORA-1-300x300.png 300w, https:\/\/charterciutadella.com\/wp-content\/uploads\/2022\/12\/ANCORA-1-150x150.png 150w\" sizes=\"(max-width: 75px) 100vw, 75px\" \/><\/figure><\/div>\n\n\n<h2 class=\"has-text-align-center has-buttons-text-color has-text-color has-large-font-size\">12 m\u00e8tres de long<\/h2>\n<\/div>\n\n\n\n<div class=\"is-layout-flow wp-block-column\"><div class=\"wp-block-image\">\n<figure class=\"aligncenter size-full is-resized\"><img decoding=\"async\" loading=\"lazy\" src=\"http:\/\/charterciutadella.com\/wp-content\/uploads\/2022\/12\/capitan-1.png\" alt=\"\" class=\"wp-image-132\" width=\"75\" height=\"75\" srcset=\"https:\/\/charterciutadella.com\/wp-content\/uploads\/2022\/12\/capitan-1.png 500w, https:\/\/charterciutadella.com\/wp-content\/uploads\/2022\/12\/capitan-1-300x300.png 300w, https:\/\/charterciutadella.com\/wp-content\/uploads\/2022\/12\/capitan-1-150x150.png 150w\" sizes=\"(max-width: 75px) 100vw, 75px\" \/><\/figure><\/div>\n\n\n<h2 class=\"has-text-align-center has-buttons-text-color has-text-color has-large-font-size\">Capitaine et 11 membres d&rsquo;\u00e9quipage<\/h2>\n<\/div>\n\n\n\n<div class=\"is-layout-flow wp-block-column\"><div class=\"wp-block-image\">\n<figure class=\"aligncenter size-full is-resized\"><img decoding=\"async\" loading=\"lazy\" src=\"http:\/\/charterciutadella.com\/wp-content\/uploads\/2022\/12\/LOCALITZACIO-1.png\" alt=\"\" class=\"wp-image-133\" width=\"75\" height=\"75\" srcset=\"https:\/\/charterciutadella.com\/wp-content\/uploads\/2022\/12\/LOCALITZACIO-1.png 500w, https:\/\/charterciutadella.com\/wp-content\/uploads\/2022\/12\/LOCALITZACIO-1-300x300.png 300w, https:\/\/charterciutadella.com\/wp-content\/uploads\/2022\/12\/LOCALITZACIO-1-150x150.png 150w\" sizes=\"(max-width: 75px) 100vw, 75px\" \/><\/figure><\/div>\n\n\n<h2 class=\"has-text-align-center has-buttons-text-color has-text-color has-large-font-size\">Siutado \u00e0 Ciutadella<\/h2>\n<\/div>\n<\/div>\n\n\n\n<div class=\"is-layout-flex wp-container-14 wp-block-columns\">\n<div class=\"is-layout-flow wp-block-column\"><div class=\"wp-block-image\">\n<figure class=\"aligncenter size-full is-resized\"><img decoding=\"async\" loading=\"lazy\" src=\"http:\/\/charterciutadella.com\/wp-content\/uploads\/2022\/12\/SNORKEL-1.png\" alt=\"\" class=\"wp-image-134\" width=\"75\" height=\"75\" srcset=\"https:\/\/charterciutadella.com\/wp-content\/uploads\/2022\/12\/SNORKEL-1.png 500w, https:\/\/charterciutadella.com\/wp-content\/uploads\/2022\/12\/SNORKEL-1-300x300.png 300w, https:\/\/charterciutadella.com\/wp-content\/uploads\/2022\/12\/SNORKEL-1-150x150.png 150w\" sizes=\"(max-width: 75px) 100vw, 75px\" \/><\/figure><\/div>\n\n\n<h2 class=\"has-text-align-center has-buttons-text-color has-text-color has-large-font-size\">Accessoires suppl\u00e9mentaires<\/h2>\n<\/div>\n\n\n\n<div class=\"is-layout-flow wp-block-column\"><div class=\"wp-block-image\">\n<figure class=\"aligncenter size-full is-resized\"><img decoding=\"async\" loading=\"lazy\" src=\"http:\/\/charterciutadella.com\/wp-content\/uploads\/2022\/12\/BARCOEXTRA-1.png\" alt=\"\" class=\"wp-image-135\" width=\"75\" height=\"75\" srcset=\"https:\/\/charterciutadella.com\/wp-content\/uploads\/2022\/12\/BARCOEXTRA-1.png 500w, https:\/\/charterciutadella.com\/wp-content\/uploads\/2022\/12\/BARCOEXTRA-1-300x300.png 300w, https:\/\/charterciutadella.com\/wp-content\/uploads\/2022\/12\/BARCOEXTRA-1-150x150.png 150w\" sizes=\"(max-width: 75px) 100vw, 75px\" \/><\/figure><\/div>\n\n\n<h2 class=\"has-text-align-center has-buttons-text-color has-text-color has-large-font-size\">Bateau auxiliaire<\/h2>\n<\/div>\n\n\n\n<div class=\"is-layout-flow wp-block-column\"><div class=\"wp-block-image\">\n<figure class=\"aligncenter size-full is-resized\"><img decoding=\"async\" loading=\"lazy\" src=\"http:\/\/charterciutadella.com\/wp-content\/uploads\/2022\/12\/PESCA-1.png\" alt=\"\" class=\"wp-image-136\" width=\"75\" height=\"75\" srcset=\"https:\/\/charterciutadella.com\/wp-content\/uploads\/2022\/12\/PESCA-1.png 500w, https:\/\/charterciutadella.com\/wp-content\/uploads\/2022\/12\/PESCA-1-300x300.png 300w, https:\/\/charterciutadella.com\/wp-content\/uploads\/2022\/12\/PESCA-1-150x150.png 150w\" sizes=\"(max-width: 75px) 100vw, 75px\" \/><\/figure><\/div>\n\n\n<h2 class=\"has-text-align-center has-buttons-text-color has-text-color has-large-font-size\">Mat\u00e9riel de p\u00eache<\/h2>\n<\/div>\n<\/div>\n\n\n\n<hr class=\"wp-block-separator has-alpha-channel-opacity\"\/>\n\n\n\n<div class=\"is-content-justification-center is-layout-flex wp-container-15 wp-block-buttons\">\n<div class=\"wp-block-button is-style-outline\"><a class=\"wp-block-button__link has-buttons-text-color has-text-color wp-element-button\" href=\"https:\/\/charterciutadella.com\/fr\/?page_id=804\" style=\"border-radius:0px\">Voir le navire<\/a><\/div>\n<\/div>\n\n\n\n<div style=\"height:70px\" aria-hidden=\"true\" class=\"wp-block-spacer\"><\/div>\n<\/div><\/div>\n\n\n\n<div class=\"wp-block-media-text alignfull has-media-on-the-right is-stacked-on-mobile\"><div class=\"wp-block-media-text__content\">\n<h2>D\u00e9couvrez Menorca<\/h2>\n\n\n\n<p>D\u00e9tendez-vous en naviguant le long de la merveilleuse c\u00f4te minorquine \u00e0 bord de notre charter de 12 m\u00e8tres. D\u00e9couvrez des lieux uniques \u00e0 bord du Chesapeake.  <\/p>\n<\/div><figure class=\"wp-block-media-text__media\"><img decoding=\"async\" loading=\"lazy\" width=\"700\" height=\"525\" src=\"https:\/\/charterciutadella.com\/wp-content\/uploads\/2023\/02\/CHESAPEAKE_A-700x525.jpg\" alt=\"\" class=\"wp-image-694 size-full\" srcset=\"https:\/\/charterciutadella.com\/wp-content\/uploads\/2023\/02\/CHESAPEAKE_A-700x525.jpg 700w, https:\/\/charterciutadella.com\/wp-content\/uploads\/2023\/02\/CHESAPEAKE_A-300x225.jpg 300w, https:\/\/charterciutadella.com\/wp-content\/uploads\/2023\/02\/CHESAPEAKE_A-768x576.jpg 768w, https:\/\/charterciutadella.com\/wp-content\/uploads\/2023\/02\/CHESAPEAKE_A-540x405.jpg 540w, https:\/\/charterciutadella.com\/wp-content\/uploads\/2023\/02\/CHESAPEAKE_A-1080x810.jpg 1080w, https:\/\/charterciutadella.com\/wp-content\/uploads\/2023\/02\/CHESAPEAKE_A.jpg 1500w\" sizes=\"(max-width: 700px) 100vw, 700px\" \/><\/figure><\/div>\n\n\n\n<div style=\"height:100px\" aria-hidden=\"true\" class=\"wp-block-spacer\"><\/div>\n\n\n\n<hr class=\"wp-block-separator alignfull has-alpha-channel-opacity\"\/>\n\n\n\n<div class=\"is-layout-flex wp-container-20 wp-block-columns alignfull\">\n<div class=\"is-layout-flow wp-block-column is-vertically-aligned-center\"><div class=\"wp-block-image\">\n<figure class=\"aligncenter size-full\"><img decoding=\"async\" loading=\"lazy\" width=\"255\" height=\"82\" src=\"http:\/\/charterciutadella.com\/wp-content\/uploads\/2022\/12\/CHESAPEAKE_LOGO_NEGRO.png\" alt=\"\" class=\"wp-image-7\"\/><\/figure><\/div><\/div>\n\n\n\n<div class=\"is-layout-flow wp-block-column is-vertically-aligned-center\">\n<h1 class=\"has-text-align-center has-large-font-size\">Vous avez des doutes ?<\/h1>\n\n\n\n<p class=\"has-text-align-center\"><strong><strong>N&rsquo;h\u00e9sitez pas \u00e0 nous contacter.  <\/strong><br><strong>Nous sommes \u00e0 votre disposition pour tout ce dont vous avez besoin.<\/strong><\/strong><\/p>\n<\/div>\n\n\n\n<div class=\"is-layout-flow wp-block-column is-vertically-aligned-center\">\n<div class=\"is-content-justification-center is-layout-flex wp-container-18 wp-block-buttons\">\n<div class=\"wp-block-button is-style-outline\"><a class=\"wp-block-button__link has-primary-color has-text-color wp-element-button\" href=\"https:\/\/api.whatsapp.com\/send?phone=34690363866\" style=\"border-radius:0px\" rel=\"nofollow noopener\" target=\"_blank\">Whatsapp<\/a><\/div>\n\n\n\n<div class=\"wp-block-button is-style-outline\"><a class=\"wp-block-button__link has-primary-color has-text-color wp-element-button\" href=\"mailto:cruceroschesapeake@gmail.com\" style=\"border-radius:0px\">Email<\/a><\/div>\n<\/div>\n<\/div>\n<\/div>\n\n\n\n<hr class=\"wp-block-separator alignfull has-alpha-channel-opacity\"\/>\n","protected":false},"excerpt":{"rendered":"<p>Demi-journ\u00e9e Matin : de 10.00h \u00e0 14.00h Apr\u00e8s-midi : de 15.00h \u00e0 19.00h D\u00e9couvrez Menorca D\u00e9tendez-vous en naviguant le long de la merveilleuse c\u00f4te minorquine \u00e0 bord de&hellip;<\/p>\n","protected":false},"author":1,"featured_media":0,"parent":0,"menu_order":0,"comment_status":"closed","ping_status":"closed","template":"","meta":{"_joinchat":[]},"_links":{"self":[{"href":"https:\/\/charterciutadella.com\/fr\/wp-json\/wp\/v2\/pages\/821"}],"collection":[{"href":"https:\/\/charterciutadella.com\/fr\/wp-json\/wp\/v2\/pages"}],"about":[{"href":"https:\/\/charterciutadella.com\/fr\/wp-json\/wp\/v2\/types\/page"}],"author":[{"embeddable":true,"href":"https:\/\/charterciutadella.com\/fr\/wp-json\/wp\/v2\/users\/1"}],"replies":[{"embeddable":true,"href":"https:\/\/charterciutadella.com\/fr\/wp-json\/wp\/v2\/comments?post=821"}],"version-history":[{"count":7,"href":"https:\/\/charterciutadella.com\/fr\/wp-json\/wp\/v2\/pages\/821\/revisions"}],"predecessor-version":[{"id":972,"href":"https:\/\/charterciutadella.com\/fr\/wp-json\/wp\/v2\/pages\/821\/revisions\/972"}],"wp:attachment":[{"href":"https:\/\/charterciutadella.com\/fr\/wp-json\/wp\/v2\/media?parent=821"}],"curies":[{"name":"wp","href":"https:\/\/api.w.org\/{rel}","templated":true}]}}